{"id":8,"date":"2019-05-28T11:11:13","date_gmt":"2019-05-28T14:11:13","guid":{"rendered":"https:\/\/inawebhost.com.br\/arce-assistencial\/?page_id=8"},"modified":"2021-08-31T16:44:07","modified_gmt":"2021-08-31T19:44:07","slug":"planos-funerarios","status":"publish","type":"page","link":"https:\/\/funerariaarce.com.br\/planos-funerarios\/","title":{"rendered":"Home"},"content":{"rendered":"\n<div class=\"wp-block-columns has-2-columns banner is-layout-flex wp-container-core-columns-is-layout-1 wp-block-columns-is-layout-flex\">\n<div class=\"wp-block-column is-layout-flow wp-block-column-is-layout-flow\">\n<h1 class=\"display-none wp-block-heading\">PLANOS FUNER\u00c1RIOS<\/h1>\n\n\n\n<p class=\"display-none\"> A PARTIR DE <strong>R$0,30 POR DIA<\/strong>.<\/p>\n\n\n\n<p class=\"display-none\">A <strong>ARCE ASSISTENCIAL<\/strong> OFERECE <strong>PLANOS EXCLUSIVOS<\/strong> PARA O CUIDADO NECESS\u00c1RIO DA SUA FAM\u00cdLIA COM <strong>ASSIST\u00caNCIA 24 HORAS E SEM CAR\u00caNCIA.<\/strong><\/p>\n\n\n\n<p class=\"display-none\">FALE COM UM DE NOSSOS ATENDENTES E GARANTA <strong>PRE\u00c7OS E CONDI\u00c7\u00d5ES<\/strong> IMPERD\u00cdVEIS QUE <strong>CABEM NO SEU BOLSO.<\/strong><\/p>\n<\/div>\n\n\n\n<div class=\"wp-block-column is-layout-flow wp-block-column-is-layout-flow\"><\/div>\n<\/div>\n\n\n\n<p class=\"faixa-vermelha has-text-color has-background\" style=\"background-color:#d65454;color:#ffffff\"><em>&#8220;Perder um familiar \u00e9 <strong>muito dif\u00edcil<\/strong>. Voc\u00ea fica sem ch\u00e3o e n\u00e3o sabe o que fazer. N\u00e3o entendia como era <strong>importante ter um plano funer\u00e1rio<\/strong> at\u00e9 o momento em que precisei e tive o <strong>atendimento da Arce<\/strong>.&#8221; Luciano, cliente desde 2003 <\/em><a href=\"#\"><em>QUERO CONHECER OS PLANOS<\/em><\/a><\/p>\n\n\n\n<div class=\"entre-em-contato cinza\">\n<h2>ENTRE EM CONTATO<\/h2>\n<a class='telefone-0800' href='tel:08000008410'>0800 000 8410<\/a>\n\n<a class='numero-whatsapp' href='https:\/\/api.whatsapp.com\/send?phone=5511947941868&text=Ol%C3%A1%2C%20estou%20no%20site%20Funer\u00e1ria Arce (https:\/\/funerariaarce.com.br\/planos-funerarios\/)%20e%20gostaria%20de%20mais%20informa%C3%A7%C3%B5es.'>(11) 9 4794-1868<\/a>\n<a class=\"email\" href=\"mailto:contato@arceassistencial.com.br\">contato@arceassistencial.com.br<\/a>\n<\/div>\n\n\n\n<h2 class=\"uma-coluna pq-contratar wp-block-heading\">O QUE \u00c9 E POR QUE CONTRATAR UM PLANO FUNER\u00c1RIO?<\/h2>\n\n\n\n<p class=\"uma-coluna pq-contratar\">&#8220;Pensar na <strong>morte de um ente querido<\/strong>, ou na pr\u00f3pria partida, pode ser <strong>doloroso<\/strong> [&#8230;] Os <strong>seguros funer\u00e1rios<\/strong> s\u00e3o uma alternativa recomendada <strong>para evitar pagamento de altos valores<\/strong> em um <strong>momento de fragilidade<\/strong>.&#8221; \u2013 InfoMoney <\/p>\n\n\n\n<div class=\"wp-block-columns has-3-columns camada-icones is-layout-flex wp-container-core-columns-is-layout-2 wp-block-columns-is-layout-flex\">\n<div class=\"wp-block-column is-layout-flow wp-block-column-is-layout-flow\">\n<div class=\"wp-block-image\"><figure class=\"aligncenter size-large\"><img decoding=\"async\" src=\"https:\/\/funerariaarce.com.br\/planos-funerarios\/wp-content\/themes\/inaweb\/imagens\/planos-funerarios-icone-check-list.svg\" alt=\"\"\/><\/figure><\/div>\n\n\n\n<h3 class=\"wp-block-heading\"><strong>COBERTURA DOS PLANOS<\/strong><\/h3>\n\n\n\n<p>Os planos funer\u00e1rios cobrem despesas como <strong>Registro em Cart\u00f3rio<\/strong>, <strong>Traslado do Corpo<\/strong>, <strong>Vel\u00f3rio<\/strong>, <strong>Coroa de Flores<\/strong>, <strong>Urnas<\/strong> e <strong>Mestres de Cerim\u00f4nia<\/strong> que, sem a assist\u00eancia, podem custar o dobro.<\/p>\n\n\n\n<div class=\"wp-block-button\"><a class=\"wp-block-button__link\" href=\"#\">QUERO FALAR AGORA!<\/a><\/div>\n<\/div>\n\n\n\n<div class=\"wp-block-column is-layout-flow wp-block-column-is-layout-flow\">\n<div class=\"wp-block-image\"><figure class=\"aligncenter size-large\"><img decoding=\"async\" src=\"https:\/\/funerariaarce.com.br\/planos-funerarios\/wp-content\/themes\/inaweb\/imagens\/planos-funerarios-icone-precos-abusivos.svg\" alt=\"\"\/><\/figure><\/div>\n\n\n\n<h3 class=\"wp-block-heading\"><strong>EVITE VALORES ABUSIVOS<\/strong><\/h3>\n\n\n\n<p><strong>Evite os valores abusivos dos servi\u00e7os funer\u00e1rios de urg\u00eancia<\/strong>. Com o Plano Ideal Arce, seus benef\u00edcios tem&nbsp;<strong>o mesmo custo de um servi\u00e7o funer\u00e1rio individual, se for contratado de \u00faltima hora.<\/strong><\/p>\n\n\n\n<div class=\"wp-block-button\"><a class=\"wp-block-button__link\" href=\"#\">QUERO FALAR AGORA!<\/a><\/div>\n<\/div>\n\n\n\n<div class=\"wp-block-column is-layout-flow wp-block-column-is-layout-flow\">\n<div class=\"wp-block-image\"><figure class=\"aligncenter size-large\"><img decoding=\"async\" src=\"https:\/\/funerariaarce.com.br\/planos-funerarios\/wp-content\/themes\/inaweb\/imagens\/planos-funerarios-icone-menor-preco.svg\" alt=\"\"\/><\/figure><\/div>\n\n\n\n<h3 class=\"wp-block-heading\"><strong>MENOR PRE\u00c7O<\/strong><\/h3>\n\n\n\n<p> Servi\u00e7os <strong>exclusivos e personalizados<\/strong> com <strong>valores acess\u00edveis<\/strong> e <strong>m\u00faltiplas formas de pagamento<\/strong>. A Funer\u00e1ria Arce possui <strong>estrutura completa<\/strong> para atender seus clientes. <\/p>\n\n\n\n<div class=\"wp-block-button\"><a class=\"wp-block-button__link\" href=\"#\">QUERO FALAR AGORA!<\/a><\/div>\n<\/div>\n<\/div>\n\n\n\n<div class=\"wp-block-columns has-2-columns planeja is-layout-flex wp-container-core-columns-is-layout-3 wp-block-columns-is-layout-flex\">\n<div class=\"wp-block-column is-layout-flow wp-block-column-is-layout-flow\">\n<h2 class=\"wp-block-heading\">PLANEJAR O FUTURO \u00c9 RESPEITAR QUEM VOC\u00ca AMA<\/h2>\n\n\n\n<p>Conhe\u00e7a os <strong>Planos Funer\u00e1rios<\/strong> que a Arce oferece com <strong>pre\u00e7os 10x menores.<\/strong><\/p>\n\n\n\n<div class=\"wp-block-button\"><a class=\"wp-block-button__link\" href=\"#\">QUERO CONHECER OS PLANOS<\/a><\/div>\n<\/div>\n\n\n\n<div class=\"wp-block-column is-layout-flow wp-block-column-is-layout-flow\"><\/div>\n<\/div>\n\n\n\n<div class=\"wp-block-columns has-2-columns faixa-com-chamada is-layout-flex wp-container-core-columns-is-layout-4 wp-block-columns-is-layout-flex\">\n<div class=\"wp-block-column is-layout-flow wp-block-column-is-layout-flow\">\n<p>\u00c9 HORA DE PLANEJAR UM&nbsp;<strong>FUTURO TRANQUILO E SEGURO<\/strong>&nbsp;PARA SUA FAM\u00cdLIA COM&nbsp;<strong>CUSTO 10X MENOR!!<\/strong><\/p>\n\n\n\n<p><em>(CUSTO M\u00c9DIO DE APENAS R$0,30\/DIA POR PESSOA!)<\/em><\/p>\n<\/div>\n\n\n\n<div class=\"wp-block-column is-layout-flow wp-block-column-is-layout-flow\">\n<div class=\"wp-block-button\"><a class=\"wp-block-button__link\" href=\"#\">QUERO SABER MAIS!<\/a><\/div>\n<\/div>\n<\/div>\n\n\n\n<div class=\"wp-block-columns has-2-columns beneficios is-layout-flex wp-container-core-columns-is-layout-5 wp-block-columns-is-layout-flex\">\n<div class=\"wp-block-column is-layout-flow wp-block-column-is-layout-flow\">\n<p><\/p>\n<\/div>\n\n\n\n<div class=\"wp-block-column is-layout-flow wp-block-column-is-layout-flow\">\n<h2 class=\"wp-block-heading\">CONHE\u00c7A NOSSOS BENEF\u00cdCIOS<\/h2>\n\n\n\n<ul class=\"wp-block-list\"><li><strong>Planos<\/strong> Funer\u00e1rios <strong>Exclusivos e Diferenciados<\/strong><\/li><li><strong>Cobertura<\/strong> para voc\u00ea e sua fam\u00edlia<\/li><li>Diversas <strong>Formas de Pagamento<\/strong><\/li><li>Atendimento <strong>24 horas<\/strong><\/li><li><strong>Orienta\u00e7\u00e3o<\/strong> aos familiares<\/li><li><strong>Urnas<\/strong> e <strong>Coroas <\/strong>de Flores<\/li><li><strong>Seguran\u00e7a<\/strong> na Contrata\u00e7\u00e3o<\/li><\/ul>\n\n\n\n<div class=\"wp-block-button\"><a class=\"wp-block-button__link\" href=\"#\">QUERO CONHECER OS PLANOS<\/a><\/div>\n<\/div>\n<\/div>\n\n\n<div class=\"depoimentos\">\r\n\r\n\t<h5>COM <b>MAIS DE 20 ANOS<\/b> NO MERCADO <b>E EXCEL\u00caNCIA NO ATENDIMENTO<\/b>, A ARCE \u00c9 <b>REFER\u00caNCIA<\/b> EM ASSIST\u00caNCIA E PLANOS FUNER\u00c1RIOS NO <b>ESTADO DE S\u00c3O PAULO E TODO O BRASIL<\/b>. FALE COM UM DE NOSSOS ESPECIALISTAS E <b>ENCONTRE O PLANO IDEAL<\/b> PARA VOC\u00ca E SUA FAM\u00cdLIA.<\/h5>\r\n\r\n\t<h2>DEPOIMENTOS<\/h2>\r\n\t\r\n\t<h3>Veja o que t\u00eam a dizer as pessoas que j\u00e1 utilizaram os Planos Funer\u00e1rios da Arce:<\/h3>\r\n\t\r\n\t<div class=\"dep\">\r\n\t\t<img decoding=\"async\" src=\"https:\/\/funerariaarce.com.br\/planos-funerarios\/wp-content\/themes\/inaweb\/imagens\/depoimento-jailson-oliveira.webp\" alt=\"Planos Funer\u00e1rios - Depoimento\" title=\"Planos Funer\u00e1rios - Depoimento\">\r\n\t\t<h4>Jailson Oliveira<\/h4>\r\n\t\t<p>Faz muitos anos que minha fam\u00edlia tem conv\u00eanio com a Arce. Eu recomendo. Parab\u00e9ns pelo belo trabalho.<\/p>\r\n\t<\/div>\r\n\t\r\n\t<div class=\"dep\">\r\n\t\t<img decoding=\"async\" src=\"https:\/\/funerariaarce.com.br\/planos-funerarios\/wp-content\/themes\/inaweb\/imagens\/depoimento-maria-luiza.webp\" alt=\"Planos Funer\u00e1rios - Depoimento\" title=\"Planos Funer\u00e1rios - Depoimento\">\r\n\t\t<h4>Maria Luiza<\/h4>\r\n\t\t<p>Excelente atendimento e profissionais incr\u00edveis. Parab\u00e9ns a todos da Funer\u00e1ria Arce que estiveram conosco dando toda a assist\u00eancia, desde os primeiros momentos at\u00e9 o final do sepultamento. Muito obrigada!<\/p>\r\n\t<\/div>\r\n\t\r\n\t<div class=\"dep\">\r\n\t\t<img decoding=\"async\" src=\"https:\/\/funerariaarce.com.br\/planos-funerarios\/wp-content\/themes\/inaweb\/imagens\/depoimento-jose-maciel.webp\" alt=\"Planos Funer\u00e1rios - Depoimento\" title=\"Planos Funer\u00e1rios - Depoimento\">\r\n\t\t<h4>Jos\u00e9 Maciel<\/h4>\r\n\t\t<p>Fica o agradecimento da minha fam\u00edlia a todos da Funer\u00e1ria Arce. Empresa id\u00f4nea, com atendimento excelente, justamente, quando a fam\u00edlia precisa de apoio num momento de tristeza por perder um ente querido.<\/p>\r\n\t<\/div>\r\n\t\r\n\t<div class=\"dep\">\r\n\t\t<img decoding=\"async\" src=\"https:\/\/funerariaarce.com.br\/planos-funerarios\/wp-content\/themes\/inaweb\/imagens\/depoimento-abigail-amarall.webp\" alt=\"Planos Funer\u00e1rios - Depoimento\" title=\"Planos Funer\u00e1rios - Depoimento\">\r\n\t\t<h4>Abigail Amarall<\/h4>\r\n\t\t<p>No momento mais dif\u00edcil da minha vida tive ajuda desses anjos. Muito obrigada pelo respeito e o carinho que tiveram com a minha fam\u00edlia nesse momento dif\u00edcil que passamos com o falecimento do meu marido!<\/p>\r\n\t<\/div>\r\n\r\n<\/div>\n\n\n\n<div class=\"duvidas\">\n<h2>TIRE TODAS AS SUAS D\u00daVIDAS<\/h2>\n<p>Planos Funer\u00e1rios de <b>excel\u00eancia e qualidade<\/b> para todos que voc\u00ea ama.<\/p>\n<a href=\"#\">QUERO FALAR AGORA<\/a>\n<\/div>\n\n\n\n<div class=\"wp-block-columns has-2-columns quem-somos is-layout-flex wp-container-core-columns-is-layout-6 wp-block-columns-is-layout-flex\">\n<div class=\"wp-block-column is-layout-flow wp-block-column-is-layout-flow\">\n<h2 class=\"wp-block-heading\">QUEM SOMOS<\/h2>\n\n\n\n<h3 class=\"wp-block-heading\"><strong>APOIO, SEGURAN\u00c7A E CONFORTO NOS SERVI\u00c7OS<\/strong><\/h3>\n\n\n\n<p><strong>APOIO, SEGURAN\u00c7A E CONFORTO NOS SERVI\u00c7OS<\/strong><\/p>\n\n\n\n<p><strong>Fundada <\/strong>por Osvaldo Pereira da Silva\ne Alexandre Arce Morel, a <strong>Funer\u00e1ria Arce<\/strong>\ntem <strong>mais de 20 anos de experi\u00eancia<\/strong>\nno mercado funer\u00e1rio.<\/p>\n\n\n\n<p>Prezando sempre <strong>por respeito, apoio e sensibilidade<\/strong> na\nrela\u00e7\u00e3o com seus&nbsp;clientes, a Arce nunca poupou esfor\u00e7os para\nacolher&nbsp;as fam\u00edlias com <strong>prontid\u00e3o<\/strong>.<\/p>\n\n\n\n<p>Prestar uma <strong>assist\u00eancia diferenciada<\/strong> com <strong>planos funer\u00e1rios exclusivos<\/strong> fez com que a Arce se tornasse uma <strong>parceria vencedora<\/strong>, se&nbsp;destacando entre as Funer\u00e1rias do estado de S\u00e3o Paulo. <strong>Cuidamos de tudo<\/strong> para que voc\u00ea tenha <strong>tranquilidade e nenhum&nbsp;imprevisto<\/strong> nesse momento t\u00e3o delicado de sua vida. <\/p>\n\n\n\n<div class=\"wp-block-button\"><a class=\"wp-block-button__link\" href=\"#\">QUERO CONHECER OS PLANOS<\/a><\/div>\n<\/div>\n\n\n\n<div class=\"wp-block-column is-layout-flow wp-block-column-is-layout-flow\">\n<div class=\"wp-block-image\"><figure class=\"aligncenter size-large\"><img loading=\"lazy\" decoding=\"async\" width=\"534\" height=\"546\" src=\"https:\/\/funerariaarce.com.br\/planos-funerarios\/wp-content\/uploads\/2019\/10\/funeraria-arce-fachada.jpg\" alt=\"Funer\u00e1ria Arce\" class=\"wp-image-176\" srcset=\"https:\/\/funerariaarce.com.br\/planos-funerarios\/wp-content\/uploads\/2019\/10\/funeraria-arce-fachada.jpg 534w, https:\/\/funerariaarce.com.br\/planos-funerarios\/wp-content\/uploads\/2019\/10\/funeraria-arce-fachada-293x300.jpg 293w\" sizes=\"auto, (max-width: 534px) 100vw, 534px\" \/><\/figure><\/div>\n<\/div>\n<\/div>\n\n\n\n<div class=\"wp-block-columns has-2-columns banner-final is-layout-flex wp-container-core-columns-is-layout-7 wp-block-columns-is-layout-flex\">\n<div class=\"wp-block-column is-layout-flow wp-block-column-is-layout-flow\">\n<h2 class=\"wp-block-heading\">PLANEJAR O FUTURO \u00c9 RESPEITAR QUEM VOC\u00ca AMA!<\/h2>\n\n\n\n<p>Conhe\u00e7a nossos Planos Funer\u00e1rios<\/p>\n\n\n\n<div class=\"wp-block-button\"><a class=\"wp-block-button__link\" href=\"#\">QUERO SABER MAIS<\/a><\/div>\n<\/div>\n\n\n\n<div class=\"wp-block-column is-layout-flow wp-block-column-is-layout-flow\">\n<figure class=\"wp-block-embed is-type-video is-provider-youtube wp-block-embed-youtube wp-embed-aspect-16-9 wp-has-aspect-ratio\"><div class=\"wp-block-embed__wrapper\">\n<iframe loading=\"lazy\" title=\"Por que ter um Plano Funer\u00e1rio ? I Funer\u00e1ria Arce\" width=\"500\" height=\"281\" src=\"https:\/\/www.youtube.com\/embed\/JWPeB0aSkBE?feature=oembed\" frameborder=\"0\" allow=\"accelerometer; autoplay; clipboard-write; encrypted-media; gyroscope; picture-in-picture; web-share\" referrerpolicy=\"strict-origin-when-cross-origin\" allowfullscreen><\/iframe>\n<\/div><\/figure>\n<\/div>\n<\/div>\n\n\n\n<div class=\"wp-block-columns has-2-columns faixa-com-chamada letra-maior is-layout-flex wp-container-core-columns-is-layout-8 wp-block-columns-is-layout-flex\">\n<div class=\"wp-block-column is-layout-flow wp-block-column-is-layout-flow\">\n<h2 class=\"wp-block-heading\">D\u00daVIDAS?<\/h2>\n\n\n\n<p>FALE COM NOSSOS ESPECIALISTAS.<\/p>\n<\/div>\n\n\n\n<div class=\"wp-block-column is-layout-flow wp-block-column-is-layout-flow\">\n<div class=\"wp-block-button\"><a class=\"wp-block-button__link\" href=\"#\">QUERO FALAR AGORA!<\/a><\/div>\n\n\n\n<p><\/p>\n<\/div>\n<\/div>\n","protected":false},"excerpt":{"rendered":"<p>PLANOS FUNER\u00c1RIOS A PARTIR DE R$0,30 POR DIA. A ARCE ASSISTENCIAL OFERECE PLANOS EXCLUSIVOS PARA O CUIDADO NECESS\u00c1RIO DA SUA FAM\u00cdLIA COM ASSIST\u00caNCIA 24 HORAS E SEM CAR\u00caNCIA. FALE COM UM DE NOSSOS ATENDENTES E GARANTA PRE\u00c7OS E CONDI\u00c7\u00d5ES IMPERD\u00cdVEIS QUE CABEM NO SEU BOLSO. &#8220;Perder um familiar \u00e9 muito dif\u00edcil. Voc\u00ea fica sem ch\u00e3o [&hellip;]<\/p>\n","protected":false},"author":1,"featured_media":0,"parent":0,"menu_order":0,"comment_status":"closed","ping_status":"closed","template":"page-sem-corpo.php","meta":{"footnotes":""},"class_list":["post-8","page","type-page","status-publish","hentry"],"_links":{"self":[{"href":"https:\/\/funerariaarce.com.br\/planos-funerarios\/wp-json\/wp\/v2\/pages\/8","targetHints":{"allow":["GET"]}}],"collection":[{"href":"https:\/\/funerariaarce.com.br\/planos-funerarios\/wp-json\/wp\/v2\/pages"}],"about":[{"href":"https:\/\/funerariaarce.com.br\/planos-funerarios\/wp-json\/wp\/v2\/types\/page"}],"author":[{"embeddable":true,"href":"https:\/\/funerariaarce.com.br\/planos-funerarios\/wp-json\/wp\/v2\/users\/1"}],"replies":[{"embeddable":true,"href":"https:\/\/funerariaarce.com.br\/planos-funerarios\/wp-json\/wp\/v2\/comments?post=8"}],"version-history":[{"count":144,"href":"https:\/\/funerariaarce.com.br\/planos-funerarios\/wp-json\/wp\/v2\/pages\/8\/revisions"}],"predecessor-version":[{"id":224,"href":"https:\/\/funerariaarce.com.br\/planos-funerarios\/wp-json\/wp\/v2\/pages\/8\/revisions\/224"}],"wp:attachment":[{"href":"https:\/\/funerariaarce.com.br\/planos-funerarios\/wp-json\/wp\/v2\/media?parent=8"}],"curies":[{"name":"wp","href":"https:\/\/api.w.org\/{rel}","templated":true}]}}